{"id":874,"date":"2019-03-01T14:48:30","date_gmt":"2019-03-01T13:48:30","guid":{"rendered":"https:\/\/www.charvat-strojarne.sk\/predstavenie-a-historia\/"},"modified":"2021-01-05T11:48:01","modified_gmt":"2021-01-05T10:48:01","slug":"vorstellung-und-geschichte","status":"publish","type":"page","link":"https:\/\/www.charvat-strojarne.sk\/de\/vorstellung-und-geschichte\/","title":{"rendered":"Vorstellung und Geschichte"},"content":{"rendered":"<p><img loading=\"lazy\" decoding=\"async\" class=\"alignright wp-image-365 size-full\" style=\"margin-top: 6px;\" src=\"https:\/\/www.charvat-strojarne.sk\/wp-content\/uploads\/plakat.png\" alt=\"Predstavenie a hist\u00f3ria\" width=\"225\" height=\"305\" srcset=\"https:\/\/www.charvat-strojarne.sk\/wp-content\/uploads\/plakat.png 225w, https:\/\/www.charvat-strojarne.sk\/wp-content\/uploads\/plakat-221x300.png 221w\" sizes=\"auto, (max-width: 225px) 100vw, 225px\" \/><\/p>\n<p>Die Geschichte der Maschinenbauproduktion im Unternehmen CHARV\u00c1T STROJ\u00c1RNE a.s. in Bardejov reicht bis in das Jahr 1970 zur\u00fcck, wann eine der letzten Niederlassungen des nationalen Unternehmens Z\u0164S &#8211; Z\u0164S Bardejov o.z. fertiggebaut wurde. 12.<\/p>\n<p>Das Hauptproduktionsprogramm von ZTS Bardejov o.z. waren Kurbelwellen, hydraulische Komponenten, Wasserpumpen, Zetor-Pleuel und Betonmischer.<\/p>\n<p>In den 80er Jahren des letzten Jahrhunderts wurde das Produktionsprogramm des Unternehmens um die Produktion von Handhabungsger\u00e4ten und Fahrgestellen f\u00fcr Baumaschinen der Marke Poclain erweitert.<\/p>\n<p>In seiner Entwicklung hat das Unternehmen mehrere Namens\u00e4nderungen erfahren. Von der Unternehmensgr\u00fcndung im Jahre 1970 bis 1992 gab es das Unternehmen unter dem damaligen Namen Z\u0164S Bardejov o.z.. Anschlie\u00dfend wurde das Unternehmen von 1992 bis 1995 unter dem Namen BAS a.s. mit einem Hauptproduktionsprogramm betrieben, das aus hydraulischen Komponenten, Hydraulikzylindern und Handhabungsger\u00e4ten bestand.<\/p>\n<p>Mit dem Kauf eines Teils des Verm\u00f6gens von BAS a.s. wurde 1995 die Firma SB INMART a.s. gegr\u00fcndet, und im April 2016 erfolgte eine weitere \u00c4nderung und Umwandlung zur Gesellschaft SBAJ INMART a.s.<\/p>\n<p>Zu einer wesentlichen \u00c4nderung kam es im Oktober 2017, als SBAJ INMART,a.s. von der CHARV\u00c1T Group s.r.o. \u00fcbernommen wurde. Anschlie\u00dfend, am 1. Juli 2018, wurde das Unternehmen in CHARV\u00c1T STROJ\u00c1RNE a.s. umbenannt.<\/p>\n","protected":false},"excerpt":{"rendered":"<p>Die Geschichte der Maschinenbauproduktion im Unternehmen CHARV\u00c1T STROJ\u00c1RNE a.s. in Bardejov reicht bis in das Jahr 1970 zur\u00fcck, wann eine der letzten Niederlassungen des nationalen Unternehmens Z\u0164S &#8211; Z\u0164S Bardejov o.z. fertiggebaut wurde. 12. Das Hauptproduktionsprogramm von ZTS Bardejov o.z. waren Kurbelwellen, hydraulische Komponenten, Wasserpumpen, Zetor-Pleuel und Betonmischer. In den 80er Jahren des letzten Jahrhunderts [&hellip;]<\/p>\n","protected":false},"author":1,"featured_media":0,"parent":0,"menu_order":0,"comment_status":"closed","ping_status":"closed","template":"","meta":{"_acf_changed":false,"footnotes":""},"class_list":["post-874","page","type-page","status-publish","hentry"],"acf":[],"_links":{"self":[{"href":"https:\/\/www.charvat-strojarne.sk\/de\/wp-json\/wp\/v2\/pages\/874","targetHints":{"allow":["GET"]}}],"collection":[{"href":"https:\/\/www.charvat-strojarne.sk\/de\/wp-json\/wp\/v2\/pages"}],"about":[{"href":"https:\/\/www.charvat-strojarne.sk\/de\/wp-json\/wp\/v2\/types\/page"}],"author":[{"embeddable":true,"href":"https:\/\/www.charvat-strojarne.sk\/de\/wp-json\/wp\/v2\/users\/1"}],"replies":[{"embeddable":true,"href":"https:\/\/www.charvat-strojarne.sk\/de\/wp-json\/wp\/v2\/comments?post=874"}],"version-history":[{"count":2,"href":"https:\/\/www.charvat-strojarne.sk\/de\/wp-json\/wp\/v2\/pages\/874\/revisions"}],"predecessor-version":[{"id":876,"href":"https:\/\/www.charvat-strojarne.sk\/de\/wp-json\/wp\/v2\/pages\/874\/revisions\/876"}],"wp:attachment":[{"href":"https:\/\/www.charvat-strojarne.sk\/de\/wp-json\/wp\/v2\/media?parent=874"}],"curies":[{"name":"wp","href":"https:\/\/api.w.org\/{rel}","templated":true}]}}