{"id":879,"date":"2019-04-12T14:51:07","date_gmt":"2019-04-12T12:51:07","guid":{"rendered":"https:\/\/www.charvat-strojarne.sk\/sucasnost\/"},"modified":"2023-06-12T13:59:12","modified_gmt":"2023-06-12T11:59:12","slug":"gegenwart","status":"publish","type":"page","link":"https:\/\/www.charvat-strojarne.sk\/de\/gegenwart\/","title":{"rendered":"Gegenwart"},"content":{"rendered":"<p>Das Unternehmen CHARV\u00c1T STROJ\u00c1RNE a.s. ist ein modernes privates Produktionsunternehmen, das sich auf die Produktion, den Verkauf und den Service von Hydraulikzylindern und -komponenten konzentriert. Nach der \u00dcbernahme durch die CHARV\u00c1T-Gruppe begann ein schrittweiser Maschinenwechsel und Investitionen in Stra\u00dfen, Geb\u00e4ude und Ausr\u00fcstung.<\/p>\n<p>Jedes Jahr wird in den Maschinenpark investiert. Im Zeitraum 2018-2023 investierte das Unternehmen schrittweise in 35 neue Maschinen und Anlagen im Gesamtwert von rund 4,1 Millionen Euro. Weitere 2,9 Millionen Euro wurden in die Reparatur von Stra\u00dfen und Geb\u00e4uden sowie in den Kauf neuer Inspektionsausr\u00fcstung, Pr\u00fcf- und Lackierausr\u00fcstung investiert.<\/p>\n<p>Die \u00fcberdachte Produktionsfl\u00e4che betr\u00e4gt ca. 25.600 m2.<\/p>\n<p>Unser Unternehmen verf\u00fcgt \u00fcber 135 Maschinen und Anlagen der Marken wie Leadwell, Pinacle, Tajmac, Doosan, Trens, MAS, Gildemeister, Kovolak, Wagner und CMZ.<\/p>\n<p>Davon sind 66 CNC-Maschinen:<\/p>\n<p>20 vertikale Zentren<\/p>\n<p>2 horizontale Zentren<\/p>\n<p>44 CNC-Drehmaschinen<\/p>\n<p>Dar\u00fcber hinaus verf\u00fcgen wir \u00fcber 29 klassische Maschinen und 6 Pr\u00fcfst\u00e4nde, die die hohe Qualit\u00e4t unserer Produkte gew\u00e4hrleisten.<\/p>\n<p>Wir verf\u00fcgen au\u00dferdem \u00fcber 12 Schwei\u00dfarbeitspl\u00e4tze, davon 4 Closs-Schwei\u00dfroboter und 1 von der Marke ABB.<\/p>\n<p>Wir besch\u00e4ftigen ca. 280 Mitarbeiter und erwirtschaften einen Jahresumsatz mit eigenen Produkten von 28,2 Millionen Euro.<\/p>\n<p>Die Zukunft unseres Unternehmens konzentriert sich auf die weitere Entwicklung und Erweiterung der Produktionsbasis und Investitionen in Geb\u00e4ude, Maschinen und technologische Ausr\u00fcstung, auf die weitere Gewinnung neuer Schl\u00fcsselkunden und die Diversifizierung des Produktionsportfolios in anderen Bereichen als der Produktion von Hydraulikzylindern.<\/p>\n<p>CNC-Maschinen sind an eine \u00dcberwachung angeschlossen, die ihre Kapazit\u00e4tsauslastung in Echtzeit anzeigt.<\/p>\n<p>&nbsp;<\/p>\n<div id='gallery-1' class='gallery galleryid-879 gallery-columns-3 gallery-size-gallery'><dl class='gallery-item'>\n\t\t\t<dt class='gallery-icon landscape'>\n\t\t\t\t<a href='https:\/\/www.charvat-strojarne.sk\/wp-content\/uploads\/bardejov-1200x674.jpg'><img loading=\"lazy\" decoding=\"async\" width=\"424\" height=\"288\" src=\"https:\/\/www.charvat-strojarne.sk\/wp-content\/uploads\/bardejov-424x288.jpg\" class=\"attachment-gallery size-gallery\" alt=\"\" \/><\/a>\n\t\t\t<\/dt><\/dl><dl class='gallery-item'>\n\t\t\t<dt class='gallery-icon landscape'>\n\t\t\t\t<a href='https:\/\/www.charvat-strojarne.sk\/wp-content\/uploads\/charvat_strojarne_7-1200x675.jpg'><img loading=\"lazy\" decoding=\"async\" width=\"424\" height=\"288\" src=\"https:\/\/www.charvat-strojarne.sk\/wp-content\/uploads\/charvat_strojarne_7-424x288.jpg\" class=\"attachment-gallery size-gallery\" alt=\"\" \/><\/a>\n\t\t\t<\/dt><\/dl><dl class='gallery-item'>\n\t\t\t<dt class='gallery-icon landscape'>\n\t\t\t\t<a href='https:\/\/www.charvat-strojarne.sk\/wp-content\/uploads\/charvat_strojarne_6-1200x899.jpg'><img loading=\"lazy\" decoding=\"async\" width=\"424\" height=\"288\" src=\"https:\/\/www.charvat-strojarne.sk\/wp-content\/uploads\/charvat_strojarne_6-424x288.jpg\" class=\"attachment-gallery size-gallery\" alt=\"\" \/><\/a>\n\t\t\t<\/dt><\/dl><br style=\"clear: both\" \/>\n\t\t<\/div>\n\n","protected":false},"excerpt":{"rendered":"<p>Das Unternehmen CHARV\u00c1T STROJ\u00c1RNE a.s. ist ein modernes privates Produktionsunternehmen, das sich auf die Produktion, den Verkauf und den Service von Hydraulikzylindern und -komponenten konzentriert. Nach der \u00dcbernahme durch die CHARV\u00c1T-Gruppe begann ein schrittweiser Maschinenwechsel und Investitionen in Stra\u00dfen, Geb\u00e4ude und Ausr\u00fcstung. Jedes Jahr wird in den Maschinenpark investiert. Im Zeitraum 2018-2023 investierte das Unternehmen [&hellip;]<\/p>\n","protected":false},"author":1,"featured_media":0,"parent":0,"menu_order":0,"comment_status":"closed","ping_status":"closed","template":"","meta":{"_acf_changed":false,"footnotes":""},"class_list":["post-879","page","type-page","status-publish","hentry"],"acf":[],"_links":{"self":[{"href":"https:\/\/www.charvat-strojarne.sk\/de\/wp-json\/wp\/v2\/pages\/879","targetHints":{"allow":["GET"]}}],"collection":[{"href":"https:\/\/www.charvat-strojarne.sk\/de\/wp-json\/wp\/v2\/pages"}],"about":[{"href":"https:\/\/www.charvat-strojarne.sk\/de\/wp-json\/wp\/v2\/types\/page"}],"author":[{"embeddable":true,"href":"https:\/\/www.charvat-strojarne.sk\/de\/wp-json\/wp\/v2\/users\/1"}],"replies":[{"embeddable":true,"href":"https:\/\/www.charvat-strojarne.sk\/de\/wp-json\/wp\/v2\/comments?post=879"}],"version-history":[{"count":3,"href":"https:\/\/www.charvat-strojarne.sk\/de\/wp-json\/wp\/v2\/pages\/879\/revisions"}],"predecessor-version":[{"id":1119,"href":"https:\/\/www.charvat-strojarne.sk\/de\/wp-json\/wp\/v2\/pages\/879\/revisions\/1119"}],"wp:attachment":[{"href":"https:\/\/www.charvat-strojarne.sk\/de\/wp-json\/wp\/v2\/media?parent=879"}],"curies":[{"name":"wp","href":"https:\/\/api.w.org\/{rel}","templated":true}]}}