{"id":873,"date":"2019-03-01T14:48:30","date_gmt":"2019-03-01T13:48:30","guid":{"rendered":"https:\/\/www.charvat-strojarne.sk\/predstavenie-a-historia\/"},"modified":"2021-01-05T11:50:23","modified_gmt":"2021-01-05T10:50:23","slug":"introduction-and-history","status":"publish","type":"page","link":"https:\/\/www.charvat-strojarne.sk\/en\/introduction-and-history\/","title":{"rendered":"Introduction and history"},"content":{"rendered":"<p><img loading=\"lazy\" decoding=\"async\" class=\"alignright wp-image-365 size-full\" style=\"margin-top: 6px;\" src=\"https:\/\/www.charvat-strojarne.sk\/wp-content\/uploads\/plakat.png\" alt=\"Predstavenie a hist\u00f3ria\" width=\"225\" height=\"305\" srcset=\"https:\/\/www.charvat-strojarne.sk\/wp-content\/uploads\/plakat.png 225w, https:\/\/www.charvat-strojarne.sk\/wp-content\/uploads\/plakat-221x300.png 221w\" sizes=\"auto, (max-width: 225px) 100vw, 225px\" \/><\/p>\n<p>The history of engineering production at the company CHARV\u00c1T STROJ\u00c1RNE a.s. in Bardejov dates back to 1970, when one of the last branch plants of the national company Z\u0164S &#8211; Z\u0164S Bardejov o.z. was finished. 12.<\/p>\n<p>The main program of production of the company Z\u0164S Bardejov o.z. included crankshafts, hydraulic elements, water pumps, Zetor connecting rods and concrete mixers.<\/p>\n<p>In the 1980s, the production program of the company was supplemented by the production of handling equipment and chassis for the construction machinery of the brand Poclain.<\/p>\n<p>In its development, the company has undergone several name changes. From the founding of the company in 1970 until 1992, it existed under the then name Z\u0164S Bardejov o.z. Subsequently, from 1992 to 1995, it operated under the name BAS a.s., with a supporting production program consisting of hydraulic elements, hydraulic cylinders and handling equipment.<\/p>\n<p>By repurchasing part of the assets of the company BAS, a.s., the company SB INMART a.s. was established in 1995. And in April 2016 there was another change and transformation to the name SBAJ INMART a.s.<\/p>\n<p>A significant change occurred in October 2017, when the acquisition of SBAJ INMART, a.s. with the company CHARV\u00c1T Group s.r.o. tookplace. Subsequently, on 1 July 2018, it was renamed to CHARV\u00c1T STROJ\u00c1RNE a.s.<\/p>\n","protected":false},"excerpt":{"rendered":"<p>The history of engineering production at the company CHARV\u00c1T STROJ\u00c1RNE a.s. in Bardejov dates back to 1970, when one of the last branch plants of the national company Z\u0164S &#8211; Z\u0164S Bardejov o.z. was finished. 12. The main program of production of the company Z\u0164S Bardejov o.z. included crankshafts, hydraulic elements, water pumps, Zetor connecting [&hellip;]<\/p>\n","protected":false},"author":1,"featured_media":0,"parent":0,"menu_order":0,"comment_status":"closed","ping_status":"closed","template":"","meta":{"_acf_changed":false,"footnotes":""},"class_list":["post-873","page","type-page","status-publish","hentry"],"acf":[],"_links":{"self":[{"href":"https:\/\/www.charvat-strojarne.sk\/en\/wp-json\/wp\/v2\/pages\/873","targetHints":{"allow":["GET"]}}],"collection":[{"href":"https:\/\/www.charvat-strojarne.sk\/en\/wp-json\/wp\/v2\/pages"}],"about":[{"href":"https:\/\/www.charvat-strojarne.sk\/en\/wp-json\/wp\/v2\/types\/page"}],"author":[{"embeddable":true,"href":"https:\/\/www.charvat-strojarne.sk\/en\/wp-json\/wp\/v2\/users\/1"}],"replies":[{"embeddable":true,"href":"https:\/\/www.charvat-strojarne.sk\/en\/wp-json\/wp\/v2\/comments?post=873"}],"version-history":[{"count":1,"href":"https:\/\/www.charvat-strojarne.sk\/en\/wp-json\/wp\/v2\/pages\/873\/revisions"}],"predecessor-version":[{"id":877,"href":"https:\/\/www.charvat-strojarne.sk\/en\/wp-json\/wp\/v2\/pages\/873\/revisions\/877"}],"wp:attachment":[{"href":"https:\/\/www.charvat-strojarne.sk\/en\/wp-json\/wp\/v2\/media?parent=873"}],"curies":[{"name":"wp","href":"https:\/\/api.w.org\/{rel}","templated":true}]}}